{"id":2699,"date":"2019-04-03T14:29:25","date_gmt":"2019-04-03T12:29:25","guid":{"rendered":"https:\/\/www.forshore-ports.com\/our-offer\/"},"modified":"2024-03-12T17:26:12","modified_gmt":"2024-03-12T16:26:12","slug":"nuestra-oferta","status":"publish","type":"page","link":"https:\/\/www.forshore-ports.com\/es\/nuestra-oferta\/","title":{"rendered":"Nuestra oferta"},"content":{"rendered":"<p><div class=\"fusion-fullwidth fullwidth-box fusion-builder-row-1 has-pattern-background has-mask-background nonhundred-percent-fullwidth non-hundred-percent-height-scrolling\" style=\"--awb-border-radius-top-left:0px;--awb-border-radius-top-right:0px;--awb-border-radius-bottom-right:0px;--awb-border-radius-bottom-left:0px;--awb-background-color:#ebebeb;--awb-flex-wrap:wrap;\" ><div class=\"fusion-builder-row fusion-row\"><div class=\"fusion-layout-column fusion_builder_column fusion-builder-column-0 fusion_builder_column_1_1 1_1 fusion-one-full fusion-column-first fusion-column-last\" style=\"--awb-bg-size:cover;\"><div class=\"fusion-column-wrapper fusion-column-has-shadow fusion-flex-column-wrapper-legacy\"><div class=\"fusion-title title fusion-title-1 fusion-sep-none fusion-title-text fusion-title-size-two\" style=\"--awb-margin-top-small:0px;--awb-margin-right-small:0px;--awb-margin-bottom-small:20px;--awb-margin-left-small:0px;\"><h2 class=\"fusion-title-heading title-heading-left fusion-responsive-typography-calculated\" style=\"margin:0;--fontSize:30;line-height:2;\"><h3 style=\"text-align: center\"><span style=\"color: #e20025\">ForSHORE ofrece una gama completa de infraestructuras portuarias:<\/span><\/h3>\n<p style=\"text-align: center\"><span style=\"font-size: 14pt;color: #004489\">Escolleras, muelles, diques secos, esclusas, rompeolas, delfines, cimientos para plataformas, tanques de almacenamiento y edificios, emisarios\/entradas mar\u00edtimas.<\/span><\/p><\/h2><\/div><div style=\"--awb-popover-text-color:#ff0000;--awb-popover-border-color:#ff0000;\" class=\"awb-image-hotspots awb-image-hotspots-1\"><div class=\"awb-image-hotspots-wrapper\"><img decoding=\"async\" src=\"https:\/\/www.forshore-ports.com\/wp-content\/uploads\/sites\/2\/2024\/03\/infographie-port-eoliennes-ecrase-1.png\" data-orig-src=\"https:\/\/www.forshore-ports.com\/wp-content\/uploads\/sites\/2\/2024\/03\/infographie-port-eoliennes-ecrase-1.png\" alt=\"infographie port-eoliennes-ecrase\" width=\"5557\" height=\"3762\" title=\"infographie port-eoliennes-ecrase\" class=\"lazyload awb-image-hotspots-image wp-image-3594\" srcset=\"data:image\/svg+xml,%3Csvg%20xmlns%3D%27http%3A%2F%2Fwww.w3.org%2F2000%2Fsvg%27%20width%3D%275557%27%20height%3D%273762%27%20viewBox%3D%270%200%205557%203762%27%3E%3Crect%20width%3D%275557%27%20height%3D%273762%27%20fill-opacity%3D%220%22%2F%3E%3C%2Fsvg%3E\" data-srcset=\"https:\/\/www.forshore-ports.com\/wp-content\/uploads\/sites\/2\/2024\/03\/infographie-port-eoliennes-ecrase-1-100x68.png 100w, https:\/\/www.forshore-ports.com\/wp-content\/uploads\/sites\/2\/2024\/03\/infographie-port-eoliennes-ecrase-1-200x135.png 200w, https:\/\/www.forshore-ports.com\/wp-content\/uploads\/sites\/2\/2024\/03\/infographie-port-eoliennes-ecrase-1-300x203.png 300w, https:\/\/www.forshore-ports.com\/wp-content\/uploads\/sites\/2\/2024\/03\/infographie-port-eoliennes-ecrase-1-400x271.png 400w, https:\/\/www.forshore-ports.com\/wp-content\/uploads\/sites\/2\/2024\/03\/infographie-port-eoliennes-ecrase-1-600x406.png 600w, https:\/\/www.forshore-ports.com\/wp-content\/uploads\/sites\/2\/2024\/03\/infographie-port-eoliennes-ecrase-1-768x520.png 768w, https:\/\/www.forshore-ports.com\/wp-content\/uploads\/sites\/2\/2024\/03\/infographie-port-eoliennes-ecrase-1-800x542.png 800w, https:\/\/www.forshore-ports.com\/wp-content\/uploads\/sites\/2\/2024\/03\/infographie-port-eoliennes-ecrase-1-1024x693.png 1024w, https:\/\/www.forshore-ports.com\/wp-content\/uploads\/sites\/2\/2024\/03\/infographie-port-eoliennes-ecrase-1-1200x812.png 1200w, https:\/\/www.forshore-ports.com\/wp-content\/uploads\/sites\/2\/2024\/03\/infographie-port-eoliennes-ecrase-1-1536x1040.png 1536w, https:\/\/www.forshore-ports.com\/wp-content\/uploads\/sites\/2\/2024\/03\/infographie-port-eoliennes-ecrase-1.png 5557w\" data-sizes=\"auto\" data-orig-sizes=\"(max-width: 5557px) 100vw, 5557px\"\/><a style=\"--awb-hotspot-text-color:#ff0000;--awb-pos-x:32.1%;--awb-pos-y:29.3%;\" class=\"awb-image-hotspots-hotspot awb-image-hotspots-hotspot-1\" role=\"button\" tabindex=\"0\" data-awb-toggle-image-hotspot-popover=\"true\" data-trigger=\"hover focus\" data-placement=\"auto\"><i class=\"fa-plus fas\"><\/i> Mejoras del muelle profundizaci\u00f3n, ensanchamiento<\/a><a style=\"--awb-hotspot-text-color:#ff0000;--awb-pos-x:57.1%;--awb-pos-y:15.0%;\" class=\"awb-image-hotspots-hotspot awb-image-hotspots-hotspot-2\" role=\"button\" tabindex=\"0\" data-awb-toggle-image-hotspot-popover=\"true\" data-trigger=\"hover focus\" data-placement=\"auto\"><i class=\"fa-plus fas\"><\/i> Muelles tipo marginales<\/a><a style=\"--awb-hotspot-text-color:#ff0000;--awb-pos-x:81.4%;--awb-pos-y:10.0%;\" class=\"awb-image-hotspots-hotspot awb-image-hotspots-hotspot-3\" role=\"button\" tabindex=\"0\" data-awb-toggle-image-hotspot-popover=\"true\" data-trigger=\"hover focus\" data-placement=\"auto\"><i class=\"fa-plus fas\"><\/i> Diques secos y escluesas<\/a><a style=\"--awb-hotspot-text-color:#ff0000;--awb-pos-x:63.0%;--awb-pos-y:33.3%;\" class=\"awb-image-hotspots-hotspot awb-image-hotspots-hotspot-4\" role=\"button\" tabindex=\"0\" data-awb-toggle-image-hotspot-popover=\"true\" data-trigger=\"hover focus\" data-placement=\"auto\"><i class=\"fa-plus fas\"><\/i> Muelles tipo jetty<\/a><a style=\"--awb-hotspot-text-color:#ff0000;--awb-pos-x:63.0%;--awb-pos-y:50.7%;\" class=\"awb-image-hotspots-hotspot awb-image-hotspots-hotspot-5\" role=\"button\" tabindex=\"0\" data-awb-toggle-image-hotspot-popover=\"true\" data-trigger=\"hover focus\" data-placement=\"auto\"><i class=\"fa-plus fas\"><\/i> Emisarios y tomas de agua<\/a><a style=\"--awb-hotspot-text-color:#ff0000;--awb-pos-x:87.0%;--awb-pos-y:45.4%;\" class=\"awb-image-hotspots-hotspot awb-image-hotspots-hotspot-6\" role=\"button\" tabindex=\"0\" data-awb-toggle-image-hotspot-popover=\"true\" data-trigger=\"hover focus\" data-placement=\"auto\"><i class=\"fa-plus fas\"><\/i> Cimentaciones para patios, tanques de almacenamiento, edificios, etc<\/a><a style=\"--awb-hotspot-text-color:#ff0000;--awb-pos-x:80.6%;--awb-pos-y:90.0%;\" class=\"awb-image-hotspots-hotspot awb-image-hotspots-hotspot-7\" role=\"button\" tabindex=\"0\" data-awb-toggle-image-hotspot-popover=\"true\" data-trigger=\"hover focus\" data-placement=\"auto\"><i class=\"fa-plus fas\"><\/i> Dolfines de amarre \/ atraque<\/a><a style=\"--awb-hotspot-text-color:#ff0000;--awb-pos-x:34.1%;--awb-pos-y:81.0%;\" class=\"awb-image-hotspots-hotspot awb-image-hotspots-hotspot-8\" role=\"button\" tabindex=\"0\" data-awb-toggle-image-hotspot-popover=\"true\" data-trigger=\"hover focus\" data-placement=\"auto\"><i class=\"fa-plus fas\"><\/i> Escolleras y protecci\u00f3n costera<\/a><a style=\"--awb-hotspot-text-color:#ff0000;--awb-pos-x:2.3%;--awb-pos-y:81.0%;\" class=\"awb-image-hotspots-hotspot awb-image-hotspots-hotspot-9\" role=\"button\" tabindex=\"0\" data-awb-toggle-image-hotspot-popover=\"true\" data-trigger=\"hover focus\" data-placement=\"auto\"><i class=\"fa-plus fas\"><\/i> Base log\u00edstica para turbinas e\u00f3licas marinas<\/a><\/div><\/div><div class=\"fusion-sep-clear\"><\/div><div class=\"fusion-separator fusion-full-width-sep\" style=\"margin-left: auto;margin-right: auto;width:100%;\"><\/div><div class=\"fusion-sep-clear\"><\/div><div class=\"fusion-clearfix\"><\/div><\/div><\/div><\/div><\/div><div class=\"fusion-fullwidth fullwidth-box fusion-builder-row-2 nonhundred-percent-fullwidth non-hundred-percent-height-scrolling\" style=\"--awb-border-radius-top-left:0px;--awb-border-radius-top-right:0px;--awb-border-radius-bottom-right:0px;--awb-border-radius-bottom-left:0px;--awb-padding-top:0px;--awb-padding-right:0px;--awb-padding-bottom:35px;--awb-padding-left:0px;--awb-margin-top:0px;--awb-margin-bottom:0px;--awb-flex-wrap:wrap;\" ><div class=\"fusion-builder-row fusion-row\"><div class=\"fusion-layout-column fusion_builder_column fusion-builder-column-1 fusion_builder_column_1_1 1_1 fusion-one-full fusion-column-first fusion-column-last\" style=\"--awb-bg-size:cover;\"><div class=\"fusion-column-wrapper fusion-column-has-shadow fusion-flex-column-wrapper-legacy\"><div class=\"fusion-image-element fusion-image-align-center in-legacy-container\" style=\"text-align:center;--awb-caption-title-font-family:var(--h2_typography-font-family);--awb-caption-title-font-weight:var(--h2_typography-font-weight);--awb-caption-title-font-style:var(--h2_typography-font-style);--awb-caption-title-size:var(--h2_typography-font-size);--awb-caption-title-transform:var(--h2_typography-text-transform);--awb-caption-title-line-height:var(--h2_typography-line-height);--awb-caption-title-letter-spacing:var(--h2_typography-letter-spacing);\"><div class=\"imageframe-align-center\"><span class=\" fusion-imageframe imageframe-none imageframe-1 hover-type-none\"><img decoding=\"async\" width=\"1200\" height=\"84\" title=\"source-separateurv3\" src=\"https:\/\/www.forshore-ports.com\/wp-content\/uploads\/sites\/2\/2019\/04\/source-separateurv3.png\" data-orig-src=\"http:\/\/www.forshore-ports.com\/prod\/wp-content\/uploads\/sites\/2\/2019\/04\/source-separateurv3-1200x84.png\" alt class=\"lazyload img-responsive wp-image-2379\" srcset=\"data:image\/svg+xml,%3Csvg%20xmlns%3D%27http%3A%2F%2Fwww.w3.org%2F2000%2Fsvg%27%20width%3D%271290%27%20height%3D%2790%27%20viewBox%3D%270%200%201290%2090%27%3E%3Crect%20width%3D%271290%27%20height%3D%2790%27%20fill-opacity%3D%220%22%2F%3E%3C%2Fsvg%3E\" data-srcset=\"https:\/\/www.forshore-ports.com\/wp-content\/uploads\/sites\/2\/2019\/04\/source-separateurv3-200x14.png 200w, https:\/\/www.forshore-ports.com\/wp-content\/uploads\/sites\/2\/2019\/04\/source-separateurv3-400x28.png 400w, https:\/\/www.forshore-ports.com\/wp-content\/uploads\/sites\/2\/2019\/04\/source-separateurv3-600x42.png 600w, https:\/\/www.forshore-ports.com\/wp-content\/uploads\/sites\/2\/2019\/04\/source-separateurv3-800x56.png 800w, https:\/\/www.forshore-ports.com\/wp-content\/uploads\/sites\/2\/2019\/04\/source-separateurv3-1200x84.png 1200w, https:\/\/www.forshore-ports.com\/wp-content\/uploads\/sites\/2\/2019\/04\/source-separateurv3.png 1290w\" data-sizes=\"auto\" data-orig-sizes=\"(max-width: 1000px) 100vw, 1200px\" \/><\/span><\/div><\/div><div class=\"fusion-sep-clear\"><\/div><div class=\"fusion-separator fusion-full-width-sep\" style=\"margin-left: auto;margin-right: auto;width:100%;\"><\/div><div class=\"fusion-sep-clear\"><\/div><div class=\"fusion-text fusion-text-1\"><h2><span style=\"color: #e20025\"><strong>ForSHORE opera como contratista general para ejecutar las cuatro fases del desarrollo de proyectos de infraestructuras portuarias: financiaci\u00f3n, dise\u00f1o, construcci\u00f3n y gesti\u00f3n de activos.<\/strong><\/span><\/h2>\n<\/div><div class=\"fusion-clearfix\"><\/div><\/div><\/div><div class=\"fusion-layout-column fusion_builder_column fusion-builder-column-2 fusion_builder_column_1_2 1_2 fusion-one-half fusion-column-first\" style=\"--awb-bg-size:cover;width:50%;width:calc(50% - ( ( 4% ) * 0.5 ) );margin-right: 4%;\"><div class=\"fusion-column-wrapper fusion-column-has-shadow fusion-flex-column-wrapper-legacy\"><div class=\"fusion-image-element in-legacy-container\" style=\"--awb-caption-title-font-family:var(--h2_typography-font-family);--awb-caption-title-font-weight:var(--h2_typography-font-weight);--awb-caption-title-font-style:var(--h2_typography-font-style);--awb-caption-title-size:var(--h2_typography-font-size);--awb-caption-title-transform:var(--h2_typography-text-transform);--awb-caption-title-line-height:var(--h2_typography-line-height);--awb-caption-title-letter-spacing:var(--h2_typography-letter-spacing);\"><span class=\" fusion-imageframe imageframe-none imageframe-2 hover-type-none fusion-animated\" data-animationType=\"slideInLeft\" data-animationDuration=\"1.0\" data-animationOffset=\"top-into-view\"><img decoding=\"async\" width=\"700\" height=\"537\" title=\"Sans titre-3\" src=\"https:\/\/www.forshore-ports.com\/wp-content\/uploads\/sites\/2\/2024\/03\/Sans-titre-3.png\" data-orig-src=\"https:\/\/www.forshore-ports.com\/wp-content\/uploads\/sites\/2\/2024\/03\/Sans-titre-3.png\" alt class=\"lazyload img-responsive wp-image-3796\" srcset=\"data:image\/svg+xml,%3Csvg%20xmlns%3D%27http%3A%2F%2Fwww.w3.org%2F2000%2Fsvg%27%20width%3D%27700%27%20height%3D%27537%27%20viewBox%3D%270%200%20700%20537%27%3E%3Crect%20width%3D%27700%27%20height%3D%27537%27%20fill-opacity%3D%220%22%2F%3E%3C%2Fsvg%3E\" data-srcset=\"https:\/\/www.forshore-ports.com\/wp-content\/uploads\/sites\/2\/2024\/03\/Sans-titre-3-200x153.png 200w, https:\/\/www.forshore-ports.com\/wp-content\/uploads\/sites\/2\/2024\/03\/Sans-titre-3-400x307.png 400w, https:\/\/www.forshore-ports.com\/wp-content\/uploads\/sites\/2\/2024\/03\/Sans-titre-3-600x460.png 600w, https:\/\/www.forshore-ports.com\/wp-content\/uploads\/sites\/2\/2024\/03\/Sans-titre-3.png 700w\" data-sizes=\"auto\" data-orig-sizes=\"(max-width: 1000px) 100vw, 700px\" \/><\/span><\/div><div class=\"fusion-clearfix\"><\/div><\/div><\/div><div class=\"fusion-layout-column fusion_builder_column fusion-builder-column-3 fusion_builder_column_1_2 1_2 fusion-one-half fusion-column-last\" style=\"--awb-bg-size:cover;width:50%;width:calc(50% - ( ( 4% ) * 0.5 ) );\"><div class=\"fusion-column-wrapper fusion-column-has-shadow fusion-flex-column-wrapper-legacy\"><div class=\"fusion-image-element in-legacy-container\" style=\"--awb-caption-title-font-family:var(--h2_typography-font-family);--awb-caption-title-font-weight:var(--h2_typography-font-weight);--awb-caption-title-font-style:var(--h2_typography-font-style);--awb-caption-title-size:var(--h2_typography-font-size);--awb-caption-title-transform:var(--h2_typography-text-transform);--awb-caption-title-line-height:var(--h2_typography-line-height);--awb-caption-title-letter-spacing:var(--h2_typography-letter-spacing);\"><span class=\" fusion-imageframe imageframe-none imageframe-3 hover-type-none fusion-animated\" data-animationType=\"slideInLeft\" data-animationDuration=\"1.0\" data-animationOffset=\"top-into-view\"><img decoding=\"async\" width=\"700\" height=\"537\" title=\"Sans titre-4\" src=\"https:\/\/www.forshore-ports.com\/wp-content\/uploads\/sites\/2\/2024\/03\/Sans-titre-4.png\" data-orig-src=\"https:\/\/www.forshore-ports.com\/wp-content\/uploads\/sites\/2\/2024\/03\/Sans-titre-4.png\" alt class=\"lazyload img-responsive wp-image-3800\" srcset=\"data:image\/svg+xml,%3Csvg%20xmlns%3D%27http%3A%2F%2Fwww.w3.org%2F2000%2Fsvg%27%20width%3D%27700%27%20height%3D%27537%27%20viewBox%3D%270%200%20700%20537%27%3E%3Crect%20width%3D%27700%27%20height%3D%27537%27%20fill-opacity%3D%220%22%2F%3E%3C%2Fsvg%3E\" data-srcset=\"https:\/\/www.forshore-ports.com\/wp-content\/uploads\/sites\/2\/2024\/03\/Sans-titre-4-200x153.png 200w, https:\/\/www.forshore-ports.com\/wp-content\/uploads\/sites\/2\/2024\/03\/Sans-titre-4-400x307.png 400w, https:\/\/www.forshore-ports.com\/wp-content\/uploads\/sites\/2\/2024\/03\/Sans-titre-4-600x460.png 600w, https:\/\/www.forshore-ports.com\/wp-content\/uploads\/sites\/2\/2024\/03\/Sans-titre-4.png 700w\" data-sizes=\"auto\" data-orig-sizes=\"(max-width: 1000px) 100vw, 700px\" \/><\/span><\/div><div class=\"fusion-clearfix\"><\/div><\/div><\/div><div class=\"fusion-layout-column fusion_builder_column fusion-builder-column-4 fusion_builder_column_1_1 1_1 fusion-one-full fusion-column-first fusion-column-last\" style=\"--awb-bg-size:cover;\"><div class=\"fusion-column-wrapper fusion-column-has-shadow fusion-flex-column-wrapper-legacy\"><div class=\"fusion-image-element fusion-image-align-center in-legacy-container\" style=\"text-align:center;--awb-caption-title-font-family:var(--h2_typography-font-family);--awb-caption-title-font-weight:var(--h2_typography-font-weight);--awb-caption-title-font-style:var(--h2_typography-font-style);--awb-caption-title-size:var(--h2_typography-font-size);--awb-caption-title-transform:var(--h2_typography-text-transform);--awb-caption-title-line-height:var(--h2_typography-line-height);--awb-caption-title-letter-spacing:var(--h2_typography-letter-spacing);\"><div class=\"imageframe-align-center\"><span class=\" fusion-imageframe imageframe-none imageframe-4 hover-type-none\"><img decoding=\"async\" width=\"1200\" height=\"84\" title=\"source-separateurv3\" src=\"https:\/\/www.forshore-ports.com\/wp-content\/uploads\/sites\/2\/2019\/04\/source-separateurv3.png\" data-orig-src=\"http:\/\/www.forshore-ports.com\/prod\/wp-content\/uploads\/sites\/2\/2019\/04\/source-separateurv3-1200x84.png\" alt class=\"lazyload img-responsive wp-image-2379\" srcset=\"data:image\/svg+xml,%3Csvg%20xmlns%3D%27http%3A%2F%2Fwww.w3.org%2F2000%2Fsvg%27%20width%3D%271290%27%20height%3D%2790%27%20viewBox%3D%270%200%201290%2090%27%3E%3Crect%20width%3D%271290%27%20height%3D%2790%27%20fill-opacity%3D%220%22%2F%3E%3C%2Fsvg%3E\" data-srcset=\"https:\/\/www.forshore-ports.com\/wp-content\/uploads\/sites\/2\/2019\/04\/source-separateurv3-200x14.png 200w, https:\/\/www.forshore-ports.com\/wp-content\/uploads\/sites\/2\/2019\/04\/source-separateurv3-400x28.png 400w, https:\/\/www.forshore-ports.com\/wp-content\/uploads\/sites\/2\/2019\/04\/source-separateurv3-600x42.png 600w, https:\/\/www.forshore-ports.com\/wp-content\/uploads\/sites\/2\/2019\/04\/source-separateurv3-800x56.png 800w, https:\/\/www.forshore-ports.com\/wp-content\/uploads\/sites\/2\/2019\/04\/source-separateurv3-1200x84.png 1200w, https:\/\/www.forshore-ports.com\/wp-content\/uploads\/sites\/2\/2019\/04\/source-separateurv3.png 1290w\" data-sizes=\"auto\" data-orig-sizes=\"(max-width: 1000px) 100vw, 1200px\" \/><\/span><\/div><\/div><div class=\"fusion-clearfix\"><\/div><\/div><\/div><\/div><\/div><div class=\"fusion-fullwidth fullwidth-box fusion-builder-row-3 nonhundred-percent-fullwidth non-hundred-percent-height-scrolling\" style=\"--awb-border-radius-top-left:0px;--awb-border-radius-top-right:0px;--awb-border-radius-bottom-right:0px;--awb-border-radius-bottom-left:0px;--awb-padding-top:35px;--awb-background-color:#ebebeb;--awb-flex-wrap:wrap;\" ><div class=\"fusion-builder-row fusion-row\"><div class=\"fusion-layout-column fusion_builder_column fusion-builder-column-5 fusion_builder_column_1_1 1_1 fusion-one-full fusion-column-first fusion-column-last\" style=\"--awb-bg-size:cover;\"><div class=\"fusion-column-wrapper fusion-column-has-shadow fusion-flex-column-wrapper-legacy\"><div class=\"fusion-text fusion-text-2\"><h2 style=\"text-align: center\">LAS VENTAJAS DE FORSHORE<\/h2>\n<\/div><div class=\"fusion-clearfix\"><\/div><\/div><\/div><\/div><\/div><div class=\"fusion-fullwidth fullwidth-box fusion-builder-row-4 nonhundred-percent-fullwidth non-hundred-percent-height-scrolling fusion-equal-height-columns\" style=\"--awb-border-radius-top-left:0px;--awb-border-radius-top-right:0px;--awb-border-radius-bottom-right:0px;--awb-border-radius-bottom-left:0px;--awb-padding-bottom:35px;--awb-background-color:#ebebeb;--awb-flex-wrap:wrap;\" ><div class=\"fusion-builder-row fusion-row\"><div class=\"fusion-layout-column fusion_builder_column fusion-builder-column-6 fusion_builder_column_1_5 1_5 fusion-one-fifth fusion-column-first\" style=\"--awb-padding-top:10px;--awb-padding-right:10px;--awb-padding-bottom:10px;--awb-padding-left:10px;--awb-bg-color:#004489;--awb-bg-color-hover:#004489;--awb-bg-size:cover;width:20%;width:calc(20% - ( ( 4% + 4% + 4% + 4% ) * 0.2 ) );margin-right: 4%;\"><div class=\"fusion-column-wrapper fusion-column-has-shadow fusion-flex-column-wrapper-legacy\"><div class=\"fusion-text fusion-text-3\"><h3 style=\"text-align: center\"><span style=\"color: #ffffff\">Experiencia<\/span><\/h3>\n<p style=\"text-align: center\"><span style=\"color: #ffffff\">La experiencia geot\u00e9cnica y las normas de calidad del Grupo Soletanche Bachy.<\/span><\/p>\n<\/div><div class=\"fusion-clearfix\"><\/div><\/div><\/div><div class=\"fusion-layout-column fusion_builder_column fusion-builder-column-7 fusion_builder_column_1_5 1_5 fusion-one-fifth\" style=\"--awb-padding-top:10px;--awb-padding-right:10px;--awb-padding-bottom:10px;--awb-padding-left:10px;--awb-bg-color:#004489;--awb-bg-color-hover:#004489;--awb-bg-size:cover;width:20%;width:calc(20% - ( ( 4% + 4% + 4% + 4% ) * 0.2 ) );margin-right: 4%;\"><div class=\"fusion-column-wrapper fusion-column-has-shadow fusion-flex-column-wrapper-legacy\"><div class=\"fusion-text fusion-text-4\"><h3 style=\"text-align: center\"><span style=\"color: #ffffff\">Visi\u00f3n<\/span><\/h3>\n<p style=\"text-align: center\"><span style=\"color: #ffffff\">Una visi\u00f3n global de su proyecto de obra mar\u00edtima<\/span><\/p>\n<\/div><div class=\"fusion-clearfix\"><\/div><\/div><\/div><div class=\"fusion-layout-column fusion_builder_column fusion-builder-column-8 fusion_builder_column_1_5 1_5 fusion-one-fifth\" style=\"--awb-padding-top:10px;--awb-padding-right:10px;--awb-padding-bottom:10px;--awb-padding-left:10px;--awb-bg-color:#004489;--awb-bg-color-hover:#004489;--awb-bg-size:cover;width:20%;width:calc(20% - ( ( 4% + 4% + 4% + 4% ) * 0.2 ) );margin-right: 4%;\"><div class=\"fusion-column-wrapper fusion-column-has-shadow fusion-flex-column-wrapper-legacy\"><div class=\"fusion-text fusion-text-5\"><h3 style=\"text-align: center\"><span style=\"color: #ffffff\">Internacional<\/span><\/h3>\n<p style=\"text-align: center\"><span style=\"color: #ffffff\">ForSHORE se apoya en la presencia de Soletanche Bachy en m\u00e1s de 60 pa\u00edses y de su divisi\u00f3n Grandes Proyectos.<\/span><\/p>\n<\/div><div class=\"fusion-clearfix\"><\/div><\/div><\/div><div class=\"fusion-layout-column fusion_builder_column fusion-builder-column-9 fusion_builder_column_1_5 1_5 fusion-one-fifth\" style=\"--awb-padding-top:10px;--awb-padding-right:10px;--awb-padding-bottom:10px;--awb-padding-left:10px;--awb-bg-color:#004489;--awb-bg-color-hover:#004489;--awb-bg-size:cover;width:20%;width:calc(20% - ( ( 4% + 4% + 4% + 4% ) * 0.2 ) );margin-right: 4%;\"><div class=\"fusion-column-wrapper fusion-column-has-shadow fusion-flex-column-wrapper-legacy\"><div class=\"fusion-text fusion-text-6\"><h3 style=\"text-align: center\"><span style=\"color: #ffffff\">Innovaci\u00f3n<\/span><\/h3>\n<p style=\"text-align: center\"><span style=\"color: #ffffff\">Acceso a la I+D, la maquinaria y las soluciones digitales de Soletanche Bachy.<\/span><\/p>\n<\/div><div class=\"fusion-clearfix\"><\/div><\/div><\/div><div class=\"fusion-layout-column fusion_builder_column fusion-builder-column-10 fusion_builder_column_1_5 1_5 fusion-one-fifth fusion-column-last\" style=\"--awb-padding-top:10px;--awb-padding-right:10px;--awb-padding-bottom:10px;--awb-padding-left:10px;--awb-bg-color:#004489;--awb-bg-color-hover:#004489;--awb-bg-size:cover;width:20%;width:calc(20% - ( ( 4% + 4% + 4% + 4% ) * 0.2 ) );\"><div class=\"fusion-column-wrapper fusion-column-has-shadow fusion-flex-column-wrapper-legacy\"><div class=\"fusion-text fusion-text-7\"><h3 style=\"text-align: center\"><span style=\"color: #ffffff\">Medio ambiente<\/span><\/h3>\n<p style=\"text-align: center\"><span style=\"color: #ffffff\">Un compromiso y soluciones t\u00e9cnicas para reducir la huella de carbono de sus proyectos.<\/span><\/p>\n<\/div><div class=\"fusion-clearfix\"><\/div><\/div><\/div><\/div><\/div><div class=\"fusion-fullwidth fullwidth-box fusion-builder-row-5 has-pattern-background has-mask-background hundred-percent-fullwidth non-hundred-percent-height-scrolling\" style=\"--awb-border-radius-top-left:0px;--awb-border-radius-top-right:0px;--awb-border-radius-bottom-right:0px;--awb-border-radius-bottom-left:0px;--awb-padding-top:0px;--awb-padding-right:0px;--awb-padding-bottom:0px;--awb-padding-left:0px;--awb-background-color:#ffffff;--awb-flex-wrap:wrap;\" ><div class=\"fusion-builder-row fusion-row\"><div class=\"fusion-layout-column fusion_builder_column fusion-builder-column-11 fusion_builder_column_1_1 1_1 fusion-one-full fusion-column-first fusion-column-last\" style=\"--awb-padding-top:55px;--awb-padding-bottom:45px;--awb-bg-color:#e20025;--awb-bg-color-hover:#e20025;--awb-bg-size:cover;\"><div class=\"fusion-column-wrapper fusion-column-has-shadow fusion-flex-column-wrapper-legacy\"><div class=\"fusion-column-content-centered\"><div class=\"fusion-column-content\"><div class=\"fusion-text fusion-text-8\"><h2 style=\"text-align: center;\"><span style=\"color: #ffffff;\">\u00bfPlanea la construcci\u00f3n o reparaci\u00f3n de una infraestructura portuaria?<\/span><\/h2>\n<p style=\"text-align: center;\"><span style=\"text-align: left;\"><div class=\"fusion-sep-clear\"><\/div><div class=\"fusion-separator\" style=\"margin-left: auto;margin-right: auto;margin-top:10px;margin-bottom:35px;width:100%;max-width:20px;\"><div class=\"fusion-separator-border sep-single sep-solid\" style=\"--awb-height:20px;--awb-amount:20px;--awb-sep-color:#ffffff;border-color:#ffffff;border-top-width:2px;\"><\/div><\/div><div class=\"fusion-sep-clear\"><\/div><\/span><\/p>\n<p style=\"text-align: center;\">\u00a0<\/p>\n<\/div><div class=\"fusion-aligncenter\"><a class=\"fusion-button button-flat fusion-button-default-size button-custom fusion-button-default button-1 fusion-button-default-span fusion-button-default-type\" style=\"--button_accent_color:#004489;--button_border_color:#004489;--button_accent_hover_color:#ffffff;--button_border_hover_color:#ffffff;--button_border_width-top:1px;--button_border_width-right:1px;--button_border_width-bottom:1px;--button_border_width-left:1px;--button_gradient_top_color:#ffffff;--button_gradient_bottom_color:#ffffff;--button_gradient_top_color_hover:rgba(255,255,255,0.5);--button_gradient_bottom_color_hover:rgba(255,255,255,0.5);--button_text_transform:uppercase;\" target=\"_self\" href=\"http:\/\/www.forshore-ports.com\/contact-us\/\"><span class=\"fusion-button-text awb-button__text awb-button__text--default\">Contact ForSHORE<\/span><\/a><\/div><\/div><\/div><div class=\"fusion-clearfix\"><\/div><\/div><\/div><\/div><\/div>\n<\/p>\n","protected":false},"excerpt":{"rendered":"","protected":false},"author":1,"featured_media":0,"parent":0,"menu_order":0,"comment_status":"closed","ping_status":"closed","template":"100-width.php","meta":{"footnotes":""},"class_list":["post-2699","page","type-page","status-publish","hentry"],"_links":{"self":[{"href":"https:\/\/www.forshore-ports.com\/es\/wp-json\/wp\/v2\/pages\/2699","targetHints":{"allow":["GET"]}}],"collection":[{"href":"https:\/\/www.forshore-ports.com\/es\/wp-json\/wp\/v2\/pages"}],"about":[{"href":"https:\/\/www.forshore-ports.com\/es\/wp-json\/wp\/v2\/types\/page"}],"author":[{"embeddable":true,"href":"https:\/\/www.forshore-ports.com\/es\/wp-json\/wp\/v2\/users\/1"}],"replies":[{"embeddable":true,"href":"https:\/\/www.forshore-ports.com\/es\/wp-json\/wp\/v2\/comments?post=2699"}],"version-history":[{"count":0,"href":"https:\/\/www.forshore-ports.com\/es\/wp-json\/wp\/v2\/pages\/2699\/revisions"}],"wp:attachment":[{"href":"https:\/\/www.forshore-ports.com\/es\/wp-json\/wp\/v2\/media?parent=2699"}],"curies":[{"name":"wp","href":"https:\/\/api.w.org\/{rel}","templated":true}]}}